{"id":7,"date":"2019-09-05T07:56:52","date_gmt":"2019-09-05T12:56:52","guid":{"rendered":"https:\/\/2020.lima.wordcamp.org\/schedule\/"},"modified":"2020-09-25T00:40:34","modified_gmt":"2020-09-25T05:40:34","slug":"calendario","status":"publish","type":"page","link":"https:\/\/lima.wordcamp.org\/2020\/calendario\/","title":{"rendered":"Programa"},"content":{"rendered":"\n<h2 class=\"wp-block-heading\">Viernes, 25 de Setiembre<\/h2>\n\n\n\n<p class=\"wp-block-paragraph\"><\/p>\n\n\n<table class=\"wcpt-schedule\" border=\"0\"><thead><tr><th class=\"wcpt-col-time\">Hora<\/th><th class=\"wcpt-col-track\"> <span class=\"wcpt-track-name\">Sala A<\/span> <span class=\"wcpt-track-description\"><\/span> <\/th><th class=\"wcpt-col-track\"> <span class=\"wcpt-track-name\">Sala B<\/span> <span class=\"wcpt-track-description\"><\/span> <\/th><\/tr><\/thead><tbody><tr class=\"wcpt-time-300PM\"><td class=\"wcpt-time\">3:00&nbsp;PM<\/td><td colspan=\"1\" class=\"wcb-speaker-pablo-moratinos wcb-track-sala-a wcpt-session-type-session wcb-session-google-analytics-para-negocios-online\" data-track-title=\"Sala A\" data-session-id=\"1964\"><div class=\"wcb-session-cell-content\"><a class=\"wcpt-session-title\" href=\"https:\/\/lima.wordcamp.org\/2020\/session\/google-analytics-para-negocios-online\/\">Google Analytics para negocios online<\/a> <span class=\"wcpt-session-speakers\"><a href=\"https:\/\/lima.wordcamp.org\/2020\/speaker\/pablo-moratinos\/\">Pablo Moratinos<\/a><\/span><\/div><div class=\"wcb-session-favourite-icon\"><a href=\"#\" role=\"button\" class=\"fav-session-button\" aria-pressed=\"false\"><span class=\"screen-reader-text\">Sesi\u00f3n favorita: Google Analytics para negocios online<\/span><span class=\"dashicons dashicons-star-filled\"><\/span><\/a><\/div><\/td><td colspan=\"1\" class=\"wcb-speaker-vanesa-vissani wcb-track-sala-b wcpt-session-type-session wcb-session-linkedin-potencia-tu-marca-personal-en-la-red-de-negocios-por-excelencia\" data-track-title=\"Sala B\" data-session-id=\"1986\"><div class=\"wcb-session-cell-content\"><a class=\"wcpt-session-title\" href=\"https:\/\/lima.wordcamp.org\/2020\/session\/linkedin-potencia-tu-marca-personal-en-la-red-de-negocios-por-excelencia\/\">Linkedin &#8211; Potencia tu marca personal en la Red de Negocios por excelencia.<\/a> <span class=\"wcpt-session-speakers\"><a href=\"https:\/\/lima.wordcamp.org\/2020\/speaker\/vanesa-vissani\/\">Vanesa Vissani<\/a><\/span><\/div><div class=\"wcb-session-favourite-icon\"><a href=\"#\" role=\"button\" class=\"fav-session-button\" aria-pressed=\"false\"><span class=\"screen-reader-text\">Sesi\u00f3n favorita: Linkedin &#8211; Potencia tu marca personal en la Red de Negocios por excelencia.<\/span><span class=\"dashicons dashicons-star-filled\"><\/span><\/a><\/div><\/td><\/tr><tr class=\"wcpt-time-345PM\"><td class=\"wcpt-time\">3:45&nbsp;PM<\/td><td colspan=\"1\" class=\"wcb-speaker-moises-sakiyama wcb-track-sala-a wcpt-session-type-session wcb-session-como-crear-tu-escuela-digital-con-wordpress\" data-track-title=\"Sala A\" data-session-id=\"1966\"><div class=\"wcb-session-cell-content\"><a class=\"wcpt-session-title\" href=\"https:\/\/lima.wordcamp.org\/2020\/session\/como-crear-tu-escuela-digital-con-wordpress\/\">C\u00f3mo crear tu escuela digital con WordPress<\/a> <span class=\"wcpt-session-speakers\"><a href=\"https:\/\/lima.wordcamp.org\/2020\/speaker\/moises-sakiyama\/\">Mois\u00e9s Sakiyama<\/a><\/span><\/div><div class=\"wcb-session-favourite-icon\"><a href=\"#\" role=\"button\" class=\"fav-session-button\" aria-pressed=\"false\"><span class=\"screen-reader-text\">Sesi\u00f3n favorita: C\u00f3mo crear tu escuela digital con WordPress<\/span><span class=\"dashicons dashicons-star-filled\"><\/span><\/a><\/div><\/td><td colspan=\"1\" class=\"wcb-speaker-raul-andres-alpaca-alvarez wcb-track-sala-b wcpt-session-type-session wcb-session-la-neurociencia-ayuda-a-vender-mas-por-canales-digitales\" data-track-title=\"Sala B\" data-session-id=\"1987\"><div class=\"wcb-session-cell-content\"><a class=\"wcpt-session-title\" href=\"https:\/\/lima.wordcamp.org\/2020\/session\/la-neurociencia-ayuda-a-vender-mas-por-canales-digitales\/\">\u00bfLa Neurociencia ayuda a vender m\u00e1s por canales digitales?<\/a> <span class=\"wcpt-session-speakers\"><a href=\"https:\/\/lima.wordcamp.org\/2020\/speaker\/raul-andres-alpaca-alvarez\/\">Ra\u00fal Andr\u00e9s Alpaca Alvarez<\/a><\/span><\/div><div class=\"wcb-session-favourite-icon\"><a href=\"#\" role=\"button\" class=\"fav-session-button\" aria-pressed=\"false\"><span class=\"screen-reader-text\">Sesi\u00f3n favorita: \u00bfLa Neurociencia ayuda a vender m\u00e1s por canales digitales?<\/span><span class=\"dashicons dashicons-star-filled\"><\/span><\/a><\/div><\/td><\/tr><tr class=\"wcpt-time-430PM\"><td class=\"wcpt-time\">4:30&nbsp;PM<\/td><td colspan=\"1\" class=\"wcb-speaker-__trashed-3 wcb-track-sala-a wcpt-session-type-session wcb-session-administra-tus-sitios-web-mas-eficientemente\" data-track-title=\"Sala A\" data-session-id=\"1967\"><div class=\"wcb-session-cell-content\"><a class=\"wcpt-session-title\" href=\"https:\/\/lima.wordcamp.org\/2020\/session\/administra-tus-sitios-web-mas-eficientemente\/\">Administra tus sitios web mas eficientemente<\/a> <span class=\"wcpt-session-speakers\"><a href=\"https:\/\/lima.wordcamp.org\/2020\/speaker\/__trashed-3\/\">Frank Calderon<\/a><\/span><\/div><div class=\"wcb-session-favourite-icon\"><a href=\"#\" role=\"button\" class=\"fav-session-button\" aria-pressed=\"false\"><span class=\"screen-reader-text\">Sesi\u00f3n favorita: Administra tus sitios web mas eficientemente<\/span><span class=\"dashicons dashicons-star-filled\"><\/span><\/a><\/div><\/td><td colspan=\"1\" class=\"wcb-speaker-milagros-quisbertt wcb-track-sala-b wcpt-session-type-session wcb-session-6-secretos-del-copywriting-para-vender-online\" data-track-title=\"Sala B\" data-session-id=\"1988\"><div class=\"wcb-session-cell-content\"><a class=\"wcpt-session-title\" href=\"https:\/\/lima.wordcamp.org\/2020\/session\/6-secretos-del-copywriting-para-vender-online\/\">6 Secretos del Copywriting para vender online<\/a> <span class=\"wcpt-session-speakers\"><a href=\"https:\/\/lima.wordcamp.org\/2020\/speaker\/milagros-quisbertt\/\">Milagros Quisbertt<\/a><\/span><\/div><div class=\"wcb-session-favourite-icon\"><a href=\"#\" role=\"button\" class=\"fav-session-button\" aria-pressed=\"false\"><span class=\"screen-reader-text\">Sesi\u00f3n favorita: 6 Secretos del Copywriting para vender online<\/span><span class=\"dashicons dashicons-star-filled\"><\/span><\/a><\/div><\/td><\/tr><tr class=\"wcpt-time-515PM global-session break\"><td class=\"wcpt-time\">5:15&nbsp;PM<\/td><td colspan=\"2\" class=\"wcb-track-sala-a wcb-track-sala-b wcpt-session-type-custom wcb-session-break\" data-track-title=\"Sala A, Sala B\" data-session-id=\"2615\"><div class=\"wcb-session-cell-content\"><span class=\"wcpt-session-title\">Break<\/span><\/div><\/td><\/tr><tr class=\"wcpt-time-530PM\"><td class=\"wcpt-time\">5:30&nbsp;PM<\/td><td colspan=\"1\" class=\"wcb-speaker-jhon-marreros-guzman wcb-track-sala-a wcpt-session-type-session wcb-session-aprovecha-al-maximo-la-funcionalidad-de-temas-hijo-en-wordpress\" data-track-title=\"Sala A\" data-session-id=\"1968\"><div class=\"wcb-session-cell-content\"><a class=\"wcpt-session-title\" href=\"https:\/\/lima.wordcamp.org\/2020\/session\/aprovecha-al-maximo-la-funcionalidad-de-temas-hijo-en-wordpress\/\">Aprovecha al m\u00e1ximo la funcionalidad de temas hijo en WordPress<\/a> <span class=\"wcpt-session-speakers\"><a href=\"https:\/\/lima.wordcamp.org\/2020\/speaker\/jhon-marreros-guzman\/\">Jhon Marreros Guzm\u00e1n<\/a><\/span><\/div><div class=\"wcb-session-favourite-icon\"><a href=\"#\" role=\"button\" class=\"fav-session-button\" aria-pressed=\"false\"><span class=\"screen-reader-text\">Sesi\u00f3n favorita: Aprovecha al m\u00e1ximo la funcionalidad de temas hijo en WordPress<\/span><span class=\"dashicons dashicons-star-filled\"><\/span><\/a><\/div><\/td><td colspan=\"1\" class=\"wcb-speaker-leandro-gomez wcb-track-sala-b wcpt-session-type-session wcb-session-cuanto-cuesta-un-sitio-web-estrategias-para-la-fijacion-de-precios\" data-track-title=\"Sala B\" data-session-id=\"1989\"><div class=\"wcb-session-cell-content\"><a class=\"wcpt-session-title\" href=\"https:\/\/lima.wordcamp.org\/2020\/session\/cuanto-cuesta-un-sitio-web-estrategias-para-la-fijacion-de-precios\/\">\u00bfCu\u00e1nto cuesta un sitio web? &#8211; Estrategias para la fijaci\u00f3n de precios<\/a> <span class=\"wcpt-session-speakers\"><a href=\"https:\/\/lima.wordcamp.org\/2020\/speaker\/leandro-gomez\/\">Leandro G\u00f3mez<\/a><\/span><\/div><div class=\"wcb-session-favourite-icon\"><a href=\"#\" role=\"button\" class=\"fav-session-button\" aria-pressed=\"false\"><span class=\"screen-reader-text\">Sesi\u00f3n favorita: \u00bfCu\u00e1nto cuesta un sitio web? &#8211; Estrategias para la fijaci\u00f3n de precios<\/span><span class=\"dashicons dashicons-star-filled\"><\/span><\/a><\/div><\/td><\/tr><tr class=\"wcpt-time-615PM\"><td class=\"wcpt-time\">6:15&nbsp;PM<\/td><td colspan=\"1\" class=\"wcb-speaker-jefferson-maldonado wcb-track-sala-a wcpt-session-type-session wcb-session-como-lance-mi-primer-membership-site\" data-track-title=\"Sala A\" data-session-id=\"1969\"><div class=\"wcb-session-cell-content\"><a class=\"wcpt-session-title\" href=\"https:\/\/lima.wordcamp.org\/2020\/session\/como-lance-mi-primer-membership-site\/\">C\u00f3mo Lanc\u00e9 mi primer membership site<\/a> <span class=\"wcpt-session-speakers\"><a href=\"https:\/\/lima.wordcamp.org\/2020\/speaker\/jefferson-maldonado\/\">Jefferson Maldonado<\/a><\/span><\/div><div class=\"wcb-session-favourite-icon\"><a href=\"#\" role=\"button\" class=\"fav-session-button\" aria-pressed=\"false\"><span class=\"screen-reader-text\">Sesi\u00f3n favorita: C\u00f3mo Lanc\u00e9 mi primer membership site<\/span><span class=\"dashicons dashicons-star-filled\"><\/span><\/a><\/div><\/td><td colspan=\"1\" class=\"wcb-speaker-santos-guerra wcb-track-sala-b wcpt-session-type-session wcb-session-elige-el-formato-ideal-y-tipo-de-imagen-para-tu-web\" data-track-title=\"Sala B\" data-session-id=\"1990\"><div class=\"wcb-session-cell-content\"><a class=\"wcpt-session-title\" href=\"https:\/\/lima.wordcamp.org\/2020\/session\/elige-el-formato-ideal-y-tipo-de-imagen-para-tu-web\/\">Elige el formato ideal y tipo de imagen para tu Web<\/a> <span class=\"wcpt-session-speakers\"><a href=\"https:\/\/lima.wordcamp.org\/2020\/speaker\/santos-guerra\/\">Santos Guerra<\/a><\/span><\/div><div class=\"wcb-session-favourite-icon\"><a href=\"#\" role=\"button\" class=\"fav-session-button\" aria-pressed=\"false\"><span class=\"screen-reader-text\">Sesi\u00f3n favorita: Elige el formato ideal y tipo de imagen para tu Web<\/span><span class=\"dashicons dashicons-star-filled\"><\/span><\/a><\/div><\/td><\/tr><\/tbody><\/table>\n\t<div class=\"email-form fav-session-email-form-hide\">\n\t\t<!-- Tab links -->\n\t\t<div class=\"fav-session-share-tab\">\n\t\t\t\t\t\t\t<div class=\"fav-session-tablinks\" id=\"fav-session-btn-email\">\n\t\t\t\t\tCorreo electr\u00f3nico\t\t\t\t<\/div>\n\t\t\t\n\t\t\t<div class=\"fav-session-tablinks\" id=\"fav-session-btn-link\">\n\t\t\t\tEnlace\t\t\t<\/div>\n\n\t\t\t<div class=\"fav-session-tablinks\" id=\"fav-session-btn-print\">\n\t\t\t\tImprimir\t\t\t<\/div>\n\t\t<\/div>\n\n\t\t<!-- Tab content -->\n\t\t\t\t\t<div id=\"fav-session-tab-email\" class=\"fav-session-share-tabcontent\">\n\t\t\t\t<div id=\"fav-session-email-form\">\n\t\t\t\t\tEnv\u00edame mis sesiones favoritas:\n\t\t\t\t\t<form id=\"fav-sessions-form\">\n\t\t\t\t\t\t<input\n\t\t\t\t\t\t\ttype=\"text\"\n\t\t\t\t\t\t\tname=\"email_address\"\n\t\t\t\t\t\t\tid=\"fav-sessions-email-address\"\n\t\t\t\t\t\t\tplaceholder=\"me@protonmail.com\"\n\t\t\t\t\t\t\/>\n\t\t\t\t\t\t<input type=\"submit\" value=\"Enviar\" \/>\n\t\t\t\t\t<\/form>\n\t\t\t\t<\/div>\n\n\t\t\t\t<div class=\"fav-session-email-wait-spinner\"><\/div>\n\t\t\t\t<div class=\"fav-session-email-result\"><\/div>\n\t\t\t<\/div>\n\t\t\n\t\t<div id=\"fav-session-tab-link\" class=\"fav-session-share-tabcontent\">\n\t\t\tEnlace compartible:\t\t\t<br \/>\n\t\t\t<a id=\"fav-sessions-link\" href=\"\"><\/a>\n\t\t<\/div>\n\n\t\t<div id=\"fav-session-tab-print\" class=\"fav-session-share-tabcontent\">\n\t\t\t<button id=\"fav-session-print\">\n\t\t\t\tImprimir sesiones favoritas\t\t\t<\/button>\n\t\t<\/div>\n\t<\/div>\n\n\t<a class=\"show-email-form\" href=\"javascript:\">\n\t\t<span class=\"dashicons dashicons-star-filled\"><\/span>\n\t\t<span class=\"dashicons dashicons-email-alt\"><\/span>\n\t<\/a>\n\n\t\n\n\n\n<h2 class=\"wp-block-heading\">S\u00e1bado, 26 de Setiembre<\/h2>\n\n\n<table class=\"wcpt-schedule\" border=\"0\"><thead><tr><th class=\"wcpt-col-time\">Hora<\/th><th class=\"wcpt-col-track\"> <span class=\"wcpt-track-name\">Sala A<\/span> <span class=\"wcpt-track-description\"><\/span> <\/th><th class=\"wcpt-col-track\"> <span class=\"wcpt-track-name\">Sala B<\/span> <span class=\"wcpt-track-description\"><\/span> <\/th><\/tr><\/thead><tbody><tr class=\"wcpt-time-300PM\"><td class=\"wcpt-time\">3:00&nbsp;PM<\/td><td colspan=\"1\" class=\"wcb-speaker-cesar-jefferson-aquino-maximiliano wcb-track-sala-a wcpt-session-type-session wcb-session-mucho-mas-que-solo-tiendas-con-woocommerce\" data-track-title=\"Sala A\" data-session-id=\"1976\"><div class=\"wcb-session-cell-content\"><a class=\"wcpt-session-title\" href=\"https:\/\/lima.wordcamp.org\/2020\/session\/mucho-mas-que-solo-tiendas-con-woocommerce\/\">Mucho m\u00e1s que s\u00f3lo tiendas con WooCommerce<\/a> <span class=\"wcpt-session-speakers\"><a href=\"https:\/\/lima.wordcamp.org\/2020\/speaker\/cesar-jefferson-aquino-maximiliano\/\">C\u00e9sar Jefferson Aquino Maximiliano<\/a><\/span><\/div><div class=\"wcb-session-favourite-icon\"><a href=\"#\" role=\"button\" class=\"fav-session-button\" aria-pressed=\"false\"><span class=\"screen-reader-text\">Sesi\u00f3n favorita: Mucho m\u00e1s que s\u00f3lo tiendas con WooCommerce<\/span><span class=\"dashicons dashicons-star-filled\"><\/span><\/a><\/div><\/td><td colspan=\"1\" class=\"wcb-speaker-ana-cirujano wcb-track-sala-b wcpt-session-type-session wcb-session-que-deberia-preguntar-a-mi-cliente\" data-track-title=\"Sala B\" data-session-id=\"1998\"><div class=\"wcb-session-cell-content\"><a class=\"wcpt-session-title\" href=\"https:\/\/lima.wordcamp.org\/2020\/session\/que-deberia-preguntar-a-mi-cliente\/\">\u00bfQu\u00e9 deber\u00eda preguntar a mi cliente?<\/a> <span class=\"wcpt-session-speakers\"><a href=\"https:\/\/lima.wordcamp.org\/2020\/speaker\/ana-cirujano\/\">Ana Cirujano<\/a><\/span><\/div><div class=\"wcb-session-favourite-icon\"><a href=\"#\" role=\"button\" class=\"fav-session-button\" aria-pressed=\"false\"><span class=\"screen-reader-text\">Sesi\u00f3n favorita: \u00bfQu\u00e9 deber\u00eda preguntar a mi cliente?<\/span><span class=\"dashicons dashicons-star-filled\"><\/span><\/a><\/div><\/td><\/tr><tr class=\"wcpt-time-345PM\"><td class=\"wcpt-time\">3:45&nbsp;PM<\/td><td colspan=\"1\" class=\"wcb-speaker-fernando-juca-maldonado wcb-track-sala-a wcpt-session-type-session wcb-session-convierte-tu-wordpress-en-una-progressive-web-app-pwa-y-mejora-la-experiencia-movil\" data-track-title=\"Sala A\" data-session-id=\"1975\"><div class=\"wcb-session-cell-content\"><a class=\"wcpt-session-title\" href=\"https:\/\/lima.wordcamp.org\/2020\/session\/convierte-tu-wordpress-en-una-progressive-web-app-pwa-y-mejora-la-experiencia-movil\/\">Convierte tu WordPress en una Progressive Web App (PWA) y mejora la experiencia m\u00f3vil<\/a> <span class=\"wcpt-session-speakers\"><a href=\"https:\/\/lima.wordcamp.org\/2020\/speaker\/fernando-juca-maldonado\/\">Fernando Juca Maldonado<\/a><\/span><\/div><div class=\"wcb-session-favourite-icon\"><a href=\"#\" role=\"button\" class=\"fav-session-button\" aria-pressed=\"false\"><span class=\"screen-reader-text\">Sesi\u00f3n favorita: Convierte tu WordPress en una Progressive Web App (PWA) y mejora la experiencia m\u00f3vil<\/span><span class=\"dashicons dashicons-star-filled\"><\/span><\/a><\/div><\/td><td colspan=\"1\" class=\"wcb-speaker-matias-viera wcb-track-sala-b wcpt-session-type-session wcb-session-ecommerce-con-valor\" data-track-title=\"Sala B\" data-session-id=\"1999\"><div class=\"wcb-session-cell-content\"><a class=\"wcpt-session-title\" href=\"https:\/\/lima.wordcamp.org\/2020\/session\/ecommerce-con-valor\/\">eCommerce con Valor<\/a> <span class=\"wcpt-session-speakers\"><a href=\"https:\/\/lima.wordcamp.org\/2020\/speaker\/matias-viera\/\">Mat\u00edas Viera<\/a><\/span><\/div><div class=\"wcb-session-favourite-icon\"><a href=\"#\" role=\"button\" class=\"fav-session-button\" aria-pressed=\"false\"><span class=\"screen-reader-text\">Sesi\u00f3n favorita: eCommerce con Valor<\/span><span class=\"dashicons dashicons-star-filled\"><\/span><\/a><\/div><\/td><\/tr><tr class=\"wcpt-time-430PM\"><td class=\"wcpt-time\">4:30&nbsp;PM<\/td><td colspan=\"1\" class=\"wcb-speaker-braulio-aquino wcb-track-sala-a wcpt-session-type-session wcb-session-entrega-el-trabajo-que-tus-clientes-quieren\" data-track-title=\"Sala A\" data-session-id=\"1974\"><div class=\"wcb-session-cell-content\"><a class=\"wcpt-session-title\" href=\"https:\/\/lima.wordcamp.org\/2020\/session\/entrega-el-trabajo-que-tus-clientes-quieren\/\">Entrega el trabajo que tus clientes quieren<\/a> <span class=\"wcpt-session-speakers\"><a href=\"https:\/\/lima.wordcamp.org\/2020\/speaker\/braulio-aquino\/\">Braulio Aquino<\/a><\/span><\/div><div class=\"wcb-session-favourite-icon\"><a href=\"#\" role=\"button\" class=\"fav-session-button\" aria-pressed=\"false\"><span class=\"screen-reader-text\">Sesi\u00f3n favorita: Entrega el trabajo que tus clientes quieren<\/span><span class=\"dashicons dashicons-star-filled\"><\/span><\/a><\/div><\/td><td colspan=\"1\" class=\"wcb-speaker-meliza-ivonne-mogollon-atoche wcb-track-sala-b wcpt-session-type-session wcb-session-como-cuidar-tu-tienda-online-de-las-multas-de-proteccion-de-datos-e-indecopi\" data-track-title=\"Sala B\" data-session-id=\"2001\"><div class=\"wcb-session-cell-content\"><a class=\"wcpt-session-title\" href=\"https:\/\/lima.wordcamp.org\/2020\/session\/como-cuidar-tu-tienda-online-de-las-multas-de-proteccion-de-datos-e-indecopi\/\">C\u00f3mo cuidar tu tienda online de las multas de protecci\u00f3n de datos e Indecopi<\/a> <span class=\"wcpt-session-speakers\"><a href=\"https:\/\/lima.wordcamp.org\/2020\/speaker\/meliza-ivonne-mogollon-atoche\/\">Meliza Ivonne Mogoll\u00f3n Atoche<\/a><\/span><\/div><div class=\"wcb-session-favourite-icon\"><a href=\"#\" role=\"button\" class=\"fav-session-button\" aria-pressed=\"false\"><span class=\"screen-reader-text\">Sesi\u00f3n favorita: C\u00f3mo cuidar tu tienda online de las multas de protecci\u00f3n de datos e Indecopi<\/span><span class=\"dashicons dashicons-star-filled\"><\/span><\/a><\/div><\/td><\/tr><tr class=\"wcpt-time-515PM global-session break\"><td class=\"wcpt-time\">5:15&nbsp;PM<\/td><td colspan=\"2\" class=\"wcb-track-sala-a wcb-track-sala-b wcpt-session-type-custom wcb-session-break-2\" data-track-title=\"Sala A, Sala B\" data-session-id=\"2618\"><div class=\"wcb-session-cell-content\"><span class=\"wcpt-session-title\">Break<\/span><\/div><\/td><\/tr><tr class=\"wcpt-time-530PM\"><td class=\"wcpt-time\">5:30&nbsp;PM<\/td><td colspan=\"1\" class=\"wcb-speaker-oscar-hugo-paz wcb-track-sala-a wcpt-session-type-session wcb-session-convirtiendo-el-child-theme-en-un-plugin\" data-track-title=\"Sala A\" data-session-id=\"1977\"><div class=\"wcb-session-cell-content\"><a class=\"wcpt-session-title\" href=\"https:\/\/lima.wordcamp.org\/2020\/session\/convirtiendo-el-child-theme-en-un-plugin\/\">Convirtiendo el child theme en un plugin<\/a> <span class=\"wcpt-session-speakers\"><a href=\"https:\/\/lima.wordcamp.org\/2020\/speaker\/oscar-hugo-paz\/\">Oscar Hugo Paz<\/a><\/span><\/div><div class=\"wcb-session-favourite-icon\"><a href=\"#\" role=\"button\" class=\"fav-session-button\" aria-pressed=\"false\"><span class=\"screen-reader-text\">Sesi\u00f3n favorita: Convirtiendo el child theme en un plugin<\/span><span class=\"dashicons dashicons-star-filled\"><\/span><\/a><\/div><\/td><td colspan=\"1\" class=\"wcb-speaker-federico-vanegas wcb-track-sala-b wcpt-session-type-session wcb-session-estrategias-para-crear-un-plan-de-mercadeo-digital\" data-track-title=\"Sala B\" data-session-id=\"2002\"><div class=\"wcb-session-cell-content\"><a class=\"wcpt-session-title\" href=\"https:\/\/lima.wordcamp.org\/2020\/session\/estrategias-para-crear-un-plan-de-mercadeo-digital\/\">Estrategias para crear un plan de Mercadeo Digital<\/a> <span class=\"wcpt-session-speakers\"><a href=\"https:\/\/lima.wordcamp.org\/2020\/speaker\/federico-vanegas\/\">Federico Vanegas<\/a><\/span><\/div><div class=\"wcb-session-favourite-icon\"><a href=\"#\" role=\"button\" class=\"fav-session-button\" aria-pressed=\"false\"><span class=\"screen-reader-text\">Sesi\u00f3n favorita: Estrategias para crear un plan de Mercadeo Digital<\/span><span class=\"dashicons dashicons-star-filled\"><\/span><\/a><\/div><\/td><\/tr><tr class=\"wcpt-time-615PM\"><td class=\"wcpt-time\">6:15&nbsp;PM<\/td><td colspan=\"1\" class=\"wcb-speaker-damian-suarez wcb-track-sala-a wcpt-session-type-session wcb-session-gutenberg-extensibilidad\" data-track-title=\"Sala A\" data-session-id=\"1978\"><div class=\"wcb-session-cell-content\"><a class=\"wcpt-session-title\" href=\"https:\/\/lima.wordcamp.org\/2020\/session\/gutenberg-extensibilidad\/\">Gutenberg: Extensibilidad<\/a> <span class=\"wcpt-session-speakers\"><a href=\"https:\/\/lima.wordcamp.org\/2020\/speaker\/damian-suarez\/\">Dami\u00e1n Su\u00e1rez<\/a><\/span><\/div><div class=\"wcb-session-favourite-icon\"><a href=\"#\" role=\"button\" class=\"fav-session-button\" aria-pressed=\"false\"><span class=\"screen-reader-text\">Sesi\u00f3n favorita: Gutenberg: Extensibilidad<\/span><span class=\"dashicons dashicons-star-filled\"><\/span><\/a><\/div><\/td><td colspan=\"1\" class=\"wcb-speaker-nico-ciana wcb-track-sala-b wcpt-session-type-session wcb-session-como-conseguir-clientes-por-internet\" data-track-title=\"Sala B\" data-session-id=\"2000\"><div class=\"wcb-session-cell-content\"><a class=\"wcpt-session-title\" href=\"https:\/\/lima.wordcamp.org\/2020\/session\/como-conseguir-clientes-por-internet\/\">Como conseguir clientes por Internet<\/a> <span class=\"wcpt-session-speakers\"><a href=\"https:\/\/lima.wordcamp.org\/2020\/speaker\/nico-ciana\/\">Nico Ciana<\/a><\/span><\/div><div class=\"wcb-session-favourite-icon\"><a href=\"#\" role=\"button\" class=\"fav-session-button\" aria-pressed=\"false\"><span class=\"screen-reader-text\">Sesi\u00f3n favorita: Como conseguir clientes por Internet<\/span><span class=\"dashicons dashicons-star-filled\"><\/span><\/a><\/div><\/td><\/tr><\/tbody><\/table>\n\n\n\n<p class=\"wp-block-paragraph\"><\/p>\n","protected":false},"excerpt":{"rendered":"<p>Viernes, 25 de Setiembre S\u00e1bado, 26 de Setiembre<\/p>\n","protected":false},"author":8303482,"featured_media":0,"parent":0,"menu_order":0,"comment_status":"closed","ping_status":"closed","template":"","meta":{"_crdt_document":"","jetpack_post_was_ever_published":false,"footnotes":""},"class_list":["post-7","page","type-page","status-publish","hentry"],"jetpack_sharing_enabled":true,"_links":{"self":[{"href":"https:\/\/lima.wordcamp.org\/2020\/wp-json\/wp\/v2\/pages\/7","targetHints":{"allow":["GET"]}}],"collection":[{"href":"https:\/\/lima.wordcamp.org\/2020\/wp-json\/wp\/v2\/pages"}],"about":[{"href":"https:\/\/lima.wordcamp.org\/2020\/wp-json\/wp\/v2\/types\/page"}],"author":[{"embeddable":true,"href":"https:\/\/lima.wordcamp.org\/2020\/wp-json\/wp\/v2\/users\/8303482"}],"replies":[{"embeddable":true,"href":"https:\/\/lima.wordcamp.org\/2020\/wp-json\/wp\/v2\/comments?post=7"}],"version-history":[{"count":9,"href":"https:\/\/lima.wordcamp.org\/2020\/wp-json\/wp\/v2\/pages\/7\/revisions"}],"predecessor-version":[{"id":3936,"href":"https:\/\/lima.wordcamp.org\/2020\/wp-json\/wp\/v2\/pages\/7\/revisions\/3936"}],"wp:attachment":[{"href":"https:\/\/lima.wordcamp.org\/2020\/wp-json\/wp\/v2\/media?parent=7"}],"curies":[{"name":"wp","href":"https:\/\/api.w.org\/{rel}","templated":true}]}}