{"id":13,"date":"2019-09-05T07:56:52","date_gmt":"2019-09-05T12:56:52","guid":{"rendered":"https:\/\/2020.lima.wordcamp.org\/?page_id=13"},"modified":"2020-09-27T11:45:25","modified_gmt":"2020-09-27T16:45:25","slug":"entradas","status":"publish","type":"page","link":"https:\/\/lima.wordcamp.org\/2020\/entradas\/","title":{"rendered":"Entradas"},"content":{"rendered":"<div dir=\"auto\" style=\"text-align: center\">Participa del mayor evento de WordPress en el Per\u00fa, la WordCamp Lima 2020.<\/div>\n<div dir=\"auto\" style=\"text-align: center\">Este evento se desarrollar\u00e1 de forma online los d\u00edas <strong>Viernes 25 y S\u00e1bado 26 de Setiembre<\/strong> desde las 03:00 pm (hora Per\u00fa) , y tendr\u00e1 la participaci\u00f3n de destacados ponentes nacionales e internacionales, distribuidos en 02 salas en simultaneo. <a href=\"https:\/\/lima.wordcamp.org\/2020\/calendario\/\">[ver programa]<\/a><\/div>\n<div dir=\"auto\">\u00a0<\/div>\n<div dir=\"auto\" style=\"text-align: center\">Se tratan temas de Dise\u00f1o y Desarrollo Web, Comercio Electr\u00f3nico, Marketing Digital, Negocios Online, Experiencia de Usuario, Educaci\u00f3n Online, Protecci\u00f3n de Datos, APPs entre otros dentro del ecosistema WordPress.<\/div>\n<div dir=\"auto\">\u00a0<\/div>\n<div dir=\"auto\" style=\"text-align: center\">Elige la cantidad de entradas y reg\u00edstrate:<\/div>\n<div dir=\"auto\" style=\"text-align: center\"><a href=\"https:\/\/lima.wordcamp.org\/2020\/entradas\/\">Por favor, ve esta p\u00e1gina en un navegador para hacer una compra o gestionar entradas.<\/a><\/div>\n<p style=\"text-align: center\">Si tienes alg\u00fan problema al adquirir tu entrada escr\u00edbenos a <img loading=\"lazy\" decoding=\"async\" class=\"size-full wp-image-3629 aligncenter\" src=\"https:\/\/lima.wordcamp.org\/2020\/files\/2020\/09\/Editar-la-pagina-WordCamp-Lima-2020-\u2014-WordPress-2020-09-23-19-58-45.png\" alt=\"\" width=\"163\" height=\"35\" \/><\/p>\n","protected":false},"excerpt":{"rendered":"","protected":false},"author":8303482,"featured_media":0,"parent":0,"menu_order":0,"comment_status":"closed","ping_status":"closed","template":"","meta":{"jetpack_post_was_ever_published":false,"footnotes":""},"class_list":["post-13","page","type-page","status-publish","hentry"],"jetpack_sharing_enabled":true,"_links":{"self":[{"href":"https:\/\/lima.wordcamp.org\/2020\/wp-json\/wp\/v2\/pages\/13","targetHints":{"allow":["GET"]}}],"collection":[{"href":"https:\/\/lima.wordcamp.org\/2020\/wp-json\/wp\/v2\/pages"}],"about":[{"href":"https:\/\/lima.wordcamp.org\/2020\/wp-json\/wp\/v2\/types\/page"}],"author":[{"embeddable":true,"href":"https:\/\/lima.wordcamp.org\/2020\/wp-json\/wp\/v2\/users\/8303482"}],"replies":[{"embeddable":true,"href":"https:\/\/lima.wordcamp.org\/2020\/wp-json\/wp\/v2\/comments?post=13"}],"version-history":[{"count":9,"href":"https:\/\/lima.wordcamp.org\/2020\/wp-json\/wp\/v2\/pages\/13\/revisions"}],"predecessor-version":[{"id":3886,"href":"https:\/\/lima.wordcamp.org\/2020\/wp-json\/wp\/v2\/pages\/13\/revisions\/3886"}],"wp:attachment":[{"href":"https:\/\/lima.wordcamp.org\/2020\/wp-json\/wp\/v2\/media?parent=13"}],"curies":[{"name":"wp","href":"https:\/\/api.w.org\/{rel}","templated":true}]}}