{"id":140,"date":"2016-05-02T20:33:43","date_gmt":"2016-05-03T01:33:43","guid":{"rendered":"https:\/\/2016.lima.wordcamp.org\/?page_id=140"},"modified":"2016-07-07T16:12:56","modified_gmt":"2016-07-07T21:12:56","slug":"lugar","status":"publish","type":"page","link":"https:\/\/lima.wordcamp.org\/2016\/lugar\/","title":{"rendered":"Evento"},"content":{"rendered":"<h2>Entradas<\/h2>\n<p>Para asistir a WordCamp Lima 2016 debes asegurarte de comprar una entrada con anticipaci\u00f3n. Para eso puedes <a href=\"https:\/\/2016.lima.wordcamp.org\/tickets\/\">ir a la p\u00e1gina de compra de entradas y conocer nuestros medios de pago<\/a>.<\/p>\n<h2>Lugar<\/h2>\n<p>WordCamp Lima 2016 se realizar\u00e1 en el Auditorio R\u00f3mulo Ferrero de la C\u00e1mara de Comercio de Lima.<\/p>\n<blockquote><p><strong>Direcci\u00f3n:<\/strong> Av Giuseppe Garibaldi 396, Jes\u00fas Mar\u00eda 15072<br \/>\n<strong>Hora:<\/strong> 9:00 a.m. &#8211; 6:00 p.m.<\/p><\/blockquote>\n<div class=\"googlemaps\">\n\t\t\t\t<iframe loading=\"lazy\" width=\"800\" height=\"600\" frameborder=\"0\" scrolling=\"no\" marginheight=\"0\" marginwidth=\"0\"  src=\"https:\/\/www.google.com\/maps\/embed?pb=!1m18!1m12!1m3!1d4639.583017547708!2d-77.05374624520549!3d-12.084146912460268!2m3!1f0!2f0!3f0!3m2!1i1024!2i768!4f13.1!3m3!1m2!1s0x9105c8fed872efbf:0x3f42202134637d94!2sC\u00e1mara%20de%20Comercio%20de%20Lima!5e0!3m2!1ses!2spe!4v1462239159128\"><\/iframe>\n\t\t\t<\/div>\n<h2>Durante el evento<\/h2>\n<p>La C\u00e1mara de Comercio de Lima cuenta con ba\u00f1os, \u00e1reas comunes, e incluso un Starbucks. De necesitar cualquier servicio adicional puedes <a href=\"https:\/\/2016.lima.wordcamp.org\/contacto\/\">contactarte con la organizaci\u00f3n por adelantado<\/a>, o acercarte a cualquier miembro del staff organizador el d\u00eda del evento.<\/p>\n<p>Te recordamos que\u00a0durante el evento <a href=\"https:\/\/2016.lima.wordcamp.org\/conducta\/\">estar\u00e1 en pr\u00e1ctica un c\u00f3digo de conducta<\/a>\u00a0para facilitar la resoluci\u00f3n de cualquier problema que pueda presentarse.<\/p>\n<h2>Restaurantes, bancos, servicios<\/h2>\n<p>En el siguiente mapa puedes encontrar\u00a0una lista de\u00a0tiendas y establecimientos desde restaurantes\u00a0hasta bancos.<\/p>\n<div class=\"googlemaps\">\n\t\t\t\t<iframe loading=\"lazy\" width=\"640\" height=\"480\" frameborder=\"0\" scrolling=\"no\" marginheight=\"0\" marginwidth=\"0\"  src=\"https:\/\/www.google.com\/maps\/d\/embed?mid=1t7HTQ4zyP-GmHvxHueU1QI77vOQ\"><\/iframe>\n\t\t\t<\/div>\n<h2>Hoteles y alojamiento<\/h2>\n<p>Si llegas a Lima con motivo del WordCamp te recomendamos considerar alguno de estos hoteles. Puedes revisar su ubicaci\u00f3n, y su relaci\u00f3n con otros puntos importantes de la ciudad y el evento, en el mapa al inicio\u00a0de la p\u00e1gina.<\/p>\n<p><a href=\"http:\/\/www.melia.com\">Meli\u00e1 Lima<\/a><br \/>\nDirecci\u00f3n:\u00a0Av Felipe S. Salaverry 2599, Jes\u00fas Mar\u00eda 15076<br \/>\nTel\u00e9fono: (01) 411-9000<\/p>\n<p><a href=\"http:\/\/sanisidro.atton.com\">Atton<\/a><br \/>\nDirecci\u00f3n: Av. Jorge Basadre 595, Lima 15073<br \/>\nTel\u00e9fono: (01) 208-1200<\/p>\n<p><a href=\"http:\/\/perustar.com\">Peru Star Boutique Apartments Hotel<\/a><br \/>\nDirecci\u00f3n: Calle Burgos 266,Lima 27<br \/>\nTel\u00e9fono: (01) 221-8481<\/p>\n<p><a href=\"http:\/\/thunderbirdhotels.com\">Thunderbird Hotels Carrera<\/a><br \/>\nDirecci\u00f3n: Jir\u00f3n Le\u00f3n Velarde 123, Lince 15073<br \/>\nTel\u00e9fono: (01) 616-3141<\/p>\n<p><a href=\"http:\/\/qoriankahotel.com\">Qorianka Hotel<\/a><br \/>\nDirecci\u00f3n: Jir\u00f3n Manuel Segura 232, Lince 15046<br \/>\nTel\u00e9fono: (01) 472-9490<\/p>\n<p><a href=\"http:\/\/hotelpanamericano.com.pe\">Hotel Panamericano<\/a><br \/>\nDirecci\u00f3n: Av. Arenales 1139, Lima 15046<br \/>\nTel\u00e9fono: (01) 265-4844<\/p>\n","protected":false},"excerpt":{"rendered":"<p>Entradas Para asistir a WordCamp Lima 2016 debes asegurarte de comprar una entrada con anticipaci\u00f3n. Para eso puedes ir a la p\u00e1gina de compra de entradas y conocer nuestros medios de pago. Lugar WordCamp Lima 2016 se realizar\u00e1 en el &hellip; <a href=\"https:\/\/lima.wordcamp.org\/2016\/lugar\/\">Sigue leyendo <span class=\"assistive-text\">Evento<\/span>  <span class=\"meta-nav\">&rarr;<\/span><\/a><\/p>\n","protected":false},"author":1187475,"featured_media":0,"parent":0,"menu_order":0,"comment_status":"closed","ping_status":"closed","template":"","meta":{"jetpack_post_was_ever_published":false,"footnotes":""},"class_list":["post-140","page","type-page","status-publish","hentry"],"jetpack_sharing_enabled":true,"jetpack_shortlink":"https:\/\/wp.me\/P7dLI2-2g","_links":{"self":[{"href":"https:\/\/lima.wordcamp.org\/2016\/wp-json\/wp\/v2\/pages\/140","targetHints":{"allow":["GET"]}}],"collection":[{"href":"https:\/\/lima.wordcamp.org\/2016\/wp-json\/wp\/v2\/pages"}],"about":[{"href":"https:\/\/lima.wordcamp.org\/2016\/wp-json\/wp\/v2\/types\/page"}],"author":[{"embeddable":true,"href":"https:\/\/lima.wordcamp.org\/2016\/wp-json\/wp\/v2\/users\/1187475"}],"replies":[{"embeddable":true,"href":"https:\/\/lima.wordcamp.org\/2016\/wp-json\/wp\/v2\/comments?post=140"}],"version-history":[{"count":7,"href":"https:\/\/lima.wordcamp.org\/2016\/wp-json\/wp\/v2\/pages\/140\/revisions"}],"predecessor-version":[{"id":452,"href":"https:\/\/lima.wordcamp.org\/2016\/wp-json\/wp\/v2\/pages\/140\/revisions\/452"}],"wp:attachment":[{"href":"https:\/\/lima.wordcamp.org\/2016\/wp-json\/wp\/v2\/media?parent=140"}],"curies":[{"name":"wp","href":"https:\/\/api.w.org\/{rel}","templated":true}]}}