{"id":13,"date":"2016-04-22T01:57:17","date_gmt":"2016-04-22T06:57:17","guid":{"rendered":"https:\/\/2016.lima.wordcamp.org\/?page_id=13"},"modified":"2016-07-16T13:29:33","modified_gmt":"2016-07-16T18:29:33","slug":"tickets","status":"publish","type":"page","link":"https:\/\/lima.wordcamp.org\/2016\/tickets\/","title":{"rendered":"Tickets"},"content":{"rendered":"<h3>1. V\u00eda Pay Pal<\/h3>\n<p>Adquiere tus entradas y paga v\u00eda Pay Pal mediante<\/p>\n<a href=\"https:\/\/lima.wordcamp.org\/2016\/tickets\/\">Por favor, ve esta p\u00e1gina en un navegador para hacer una compra o gestionar entradas.<\/a>\n<p>&nbsp;<\/p>\n<h3>2. Con tarjeta de cr\u00e9dito, d\u00e9bito o en efectivo en agentes bancaria v\u00eda Joinnus:<\/h3>\n<p><a style=\"margin: 13px 10px;padding: 7px 15px;color: #fff;background-color: #d82329\" href=\"https:\/\/www.joinnus.com\/PE\/charlas-y-conferencias\/lima-wordcamp-lima-2016-5476\">Adquiere tu entrada<\/a><\/p>\n<p>Hemos preparado una peque\u00f1a <a href=\"https:\/\/2016.lima.wordcamp.org\/2016\/06\/25\/como-puedo-comprar-mis-entradas-al-wordcamp-lima-2016\/\">guia de c\u00f3mo pagar v\u00eda Joinnus<\/a>.<\/p>\n<h3>3. Dep\u00f3sito Bancario en nuestras cuentas en diferentes bancos.<\/h3>\n<p>Si no deseas usar tu tarjeta de cr\u00e9dito, d\u00e9bito o no dispones de una, puedes depositar directamente a la cuenta de los organizadores, todas en moneda nacional:<\/p>\n<ul>\n<li><strong>Banco Interbank<\/strong><\/li>\n<li>N\u00famero de cuenta :898-3058514707<\/li>\n<li>A nombre de <em>Braulio Aquino<\/em><\/li>\n<li><strong>Banco BBVA<\/strong><\/li>\n<li>N\u00famero de cuenta: 0011-0199-0200179807<\/li>\n<li>A nombre de <em>Alexander Gonzales<\/em><\/li>\n<li><strong>Banco BCP<\/strong><\/li>\n<li>N\u00famero de cuenta: 194-1390813401-8<\/li>\n<li>A nombre de <em>Diego Lerma<\/em><\/li>\n<\/ul>\n<p>Una vez efectuado el pago, por favor env\u00eda la foto del voucher o el correo de confirmaci\u00f3n a <em><strong>lima@wordcamp.org<\/strong><\/em>\u00a0indicando adicionalmente t\u00fa DNI o un documento de identidad para registrarte directamente en el sistema y puedas participar del WordCamp.<\/p>\n<p>&nbsp;<\/p>\n","protected":false},"excerpt":{"rendered":"<p>1. V\u00eda Pay Pal Adquiere tus entradas y paga v\u00eda Pay Pal mediante &nbsp; 2. Con tarjeta de cr\u00e9dito, d\u00e9bito o en efectivo en agentes bancaria v\u00eda Joinnus: Adquiere tu entrada Hemos preparado una peque\u00f1a guia de c\u00f3mo pagar v\u00eda &hellip; <a href=\"https:\/\/lima.wordcamp.org\/2016\/tickets\/\">Sigue leyendo <span class=\"assistive-text\">Tickets<\/span>  <span class=\"meta-nav\">&rarr;<\/span><\/a><\/p>\n","protected":false},"author":1187475,"featured_media":0,"parent":0,"menu_order":0,"comment_status":"closed","ping_status":"closed","template":"","meta":{"jetpack_post_was_ever_published":false,"footnotes":""},"class_list":["post-13","page","type-page","status-publish","hentry"],"jetpack_sharing_enabled":true,"jetpack_shortlink":"https:\/\/wp.me\/P7dLI2-d","_links":{"self":[{"href":"https:\/\/lima.wordcamp.org\/2016\/wp-json\/wp\/v2\/pages\/13","targetHints":{"allow":["GET"]}}],"collection":[{"href":"https:\/\/lima.wordcamp.org\/2016\/wp-json\/wp\/v2\/pages"}],"about":[{"href":"https:\/\/lima.wordcamp.org\/2016\/wp-json\/wp\/v2\/types\/page"}],"author":[{"embeddable":true,"href":"https:\/\/lima.wordcamp.org\/2016\/wp-json\/wp\/v2\/users\/1187475"}],"replies":[{"embeddable":true,"href":"https:\/\/lima.wordcamp.org\/2016\/wp-json\/wp\/v2\/comments?post=13"}],"version-history":[{"count":8,"href":"https:\/\/lima.wordcamp.org\/2016\/wp-json\/wp\/v2\/pages\/13\/revisions"}],"predecessor-version":[{"id":413,"href":"https:\/\/lima.wordcamp.org\/2016\/wp-json\/wp\/v2\/pages\/13\/revisions\/413"}],"wp:attachment":[{"href":"https:\/\/lima.wordcamp.org\/2016\/wp-json\/wp\/v2\/media?parent=13"}],"curies":[{"name":"wp","href":"https:\/\/api.w.org\/{rel}","templated":true}]}}