{"id":4,"date":"2013-10-13T05:34:08","date_gmt":"2013-10-13T10:34:08","guid":{"rendered":"https:\/\/2013.lima.wordcamp.org\/?page_id=4"},"modified":"2013-10-14T20:59:58","modified_gmt":"2013-10-15T01:59:58","slug":"patrocinadores","status":"publish","type":"page","link":"https:\/\/lima.wordcamp.org\/2013\/patrocinadores\/","title":{"rendered":"Patrocinadores"},"content":{"rendered":"<p>Si deseas participar como auspiciador contactate con nosotros a <strong>comunidad@wpperu.org<\/strong> o directamente desde el formulario al final de esta p\u00e1gina.<\/p>\n\n\t\t<div class=\"sponsors\">\n\t\t\t\t\t\t\t\n\t\t\t\t<div class=\"sponsor-level patrocinador\">\n\t\t\t\t\t<h2 class=\"sponsor-level-title\">\n\t\t\t\t\t\tNuestros sponsors\t\t\t\t\t<\/h2>\n\n\t\t\t\t\t\n\t\t\t\t\t<div id=\"post-12791\" class=\"sponsor post-12791 wcb_sponsor type-wcb_sponsor status-publish has-post-thumbnail hentry wcb_sponsor_level-patrocinador\" >\n\t\t\t\t\t\t<h3 class=\"entry-title sponsor-title\">\n\t\t\t\t\t\t\t<a href=\"https:\/\/lima.wordcamp.org\/2013\/sponsor\/codepoet\/\">\n\t\t\t\t\t\t\t\t<img loading=\"lazy\" decoding=\"async\" width=\"280\" height=\"100\" src=\"https:\/\/lima.wordcamp.org\/2013\/files\/2013\/10\/Code-Poet-2.png\" class=\"attachment-post-thumbnail size-post-thumbnail wp-post-image\" alt=\"\" \/>\t\t\t\t\t\t\t<\/a>\n\t\t\t\t\t\t<\/h3>\n\n\t\t\t\t\t\t<div class=\"entry-content sponsor-description\">\n\t\t\t\t\t\t\t<h3><a href=\"http:\/\/codepoet.com\/\" title=\"CodePoet\" rel=\"nofollow\">CodePoet.com<\/a><\/h3>\n<p>If you use WordPress to build things for other people, Code Poet wants to make your life easier. No matter whether you freelance on a solo basis, lead a small web shop, make plugins in a dark closet, or crack the whip at a large design firm, Code Poet\u2019s aim is to become your go-to source of information and resources to help you expand your WordPress skills and know-how. To make you better at what you do. To make it easier to make your living and look great doing it.<\/p>\n<p>You\u2019re part of a tribe of WordPress designers and developers over 10,000 strong, spanning the entire globe. codepoet.com aims to bring the working knowledge and real world strategies of those people into one place, for you to tap into.<\/p>\n\t\t\t\t\t\t<\/div>\n\t\t\t\t\t<\/div>\n\n\t\t\t\t\t\n\t\t\t\t\t<div id=\"post-16036\" class=\"sponsor post-16036 wcb_sponsor type-wcb_sponsor status-publish has-post-thumbnail hentry wcb_sponsor_level-patrocinador\" >\n\t\t\t\t\t\t<h3 class=\"entry-title sponsor-title\">\n\t\t\t\t\t\t\t<a href=\"https:\/\/lima.wordcamp.org\/2013\/sponsor\/loginstore\/\">\n\t\t\t\t\t\t\t\t<img loading=\"lazy\" decoding=\"async\" width=\"940\" height=\"198\" src=\"https:\/\/lima.wordcamp.org\/2013\/files\/2013\/10\/LoginStore_alta1-940x198.png\" class=\"attachment-post-thumbnail size-post-thumbnail wp-post-image\" alt=\"\" \/>\t\t\t\t\t\t\t<\/a>\n\t\t\t\t\t\t<\/h3>\n\n\t\t\t\t\t\t<div class=\"entry-content sponsor-description\">\n\t\t\t\t\t\t\t<h3><a href=\"http:\/\/www.loginstore.com\/\" title=\"Login Store\" rel=\"nofollow\">Loginstore.com<\/a><\/h3>\n<p>Loginstore\u00a0es la\u00a0Tienda Online m\u00e1s completa del Per\u00fa. En nuestra p\u00e1gina web contamos con una amplia variedad de productos, marcas reconocidas y art\u00edculos que puedes comprar por Internet\u00a0al\u00a0Mejor Precio\u00a0del mercado.<\/p>\n\t\t\t\t\t\t<\/div>\n\t\t\t\t\t<\/div>\n\n\t\t\t\t\t\n\t\t\t\t\t<div id=\"post-12239\" class=\"sponsor post-12239 wcb_sponsor type-wcb_sponsor status-publish has-post-thumbnail hentry wcb_sponsor_level-patrocinador\" >\n\t\t\t\t\t\t<h3 class=\"entry-title sponsor-title\">\n\t\t\t\t\t\t\t<a href=\"https:\/\/lima.wordcamp.org\/2013\/sponsor\/gigas-com\/\">\n\t\t\t\t\t\t\t\t<img loading=\"lazy\" decoding=\"async\" width=\"484\" height=\"183\" src=\"https:\/\/lima.wordcamp.org\/2013\/files\/2013\/10\/gigas-logo-negro-png.jpg\" class=\"attachment-post-thumbnail size-post-thumbnail wp-post-image\" alt=\"\" srcset=\"https:\/\/lima.wordcamp.org\/2013\/files\/2013\/10\/gigas-logo-negro-png.jpg 484w, https:\/\/lima.wordcamp.org\/2013\/files\/2013\/10\/gigas-logo-negro-png-300x113.jpg 300w\" sizes=\"auto, (max-width: 484px) 100vw, 484px\" \/>\t\t\t\t\t\t\t<\/a>\n\t\t\t\t\t\t<\/h3>\n\n\t\t\t\t\t\t<div class=\"entry-content sponsor-description\">\n\t\t\t\t\t\t\t<h3><a href=\"http:\/\/gigas.com\/\" title=\"Gigas\" rel=\"nofollow\">Gigas.com<\/a><\/h3>\n<p>Gigas es una empresa tecnol\u00f3gica especializada en ofrecer servicios de cloud hosting (alojamiento de servidores en la nube).<\/p>\n\t\t\t\t\t\t<\/div>\n\t\t\t\t\t<\/div>\n\n\t\t\t\t\t\n\t\t\t\t\t<div id=\"post-12231\" class=\"sponsor post-12231 wcb_sponsor type-wcb_sponsor status-publish has-post-thumbnail hentry wcb_sponsor_level-patrocinador\" >\n\t\t\t\t\t\t<h3 class=\"entry-title sponsor-title\">\n\t\t\t\t\t\t\t<a href=\"https:\/\/lima.wordcamp.org\/2013\/sponsor\/orange-612\/\">\n\t\t\t\t\t\t\t\t<img loading=\"lazy\" decoding=\"async\" width=\"559\" height=\"90\" src=\"https:\/\/lima.wordcamp.org\/2013\/files\/2013\/10\/orange-logo.png\" class=\"attachment-post-thumbnail size-post-thumbnail wp-post-image\" alt=\"\" srcset=\"https:\/\/lima.wordcamp.org\/2013\/files\/2013\/10\/orange-logo.png 559w, https:\/\/lima.wordcamp.org\/2013\/files\/2013\/10\/orange-logo-300x48.png 300w\" sizes=\"auto, (max-width: 559px) 100vw, 559px\" \/>\t\t\t\t\t\t\t<\/a>\n\t\t\t\t\t\t<\/h3>\n\n\t\t\t\t\t\t<div class=\"entry-content sponsor-description\">\n\t\t\t\t\t\t\t<h3><a href=\"http:\/\/orange612.com\/\" title=\"Orange 612\" rel=\"nofollow\">Orange612.com<\/a><\/h3>\n<p>Orange 612 es un empresa de desarrollo web distribuido especializado en WordPress.<\/p>\n\t\t\t\t\t\t<\/div>\n\t\t\t\t\t<\/div>\n\n\t\t\t\t\t\n\t\t\t\t\t<div id=\"post-12233\" class=\"sponsor post-12233 wcb_sponsor type-wcb_sponsor status-publish has-post-thumbnail hentry wcb_sponsor_level-patrocinador\" >\n\t\t\t\t\t\t<h3 class=\"entry-title sponsor-title\">\n\t\t\t\t\t\t\t<a href=\"https:\/\/lima.wordcamp.org\/2013\/sponsor\/fenix-soluciones-graficas-y-digitales-srl\/\">\n\t\t\t\t\t\t\t\t<img loading=\"lazy\" decoding=\"async\" width=\"374\" height=\"194\" src=\"https:\/\/lima.wordcamp.org\/2013\/files\/2013\/10\/logotipo-01.jpg\" class=\"attachment-post-thumbnail size-post-thumbnail wp-post-image\" alt=\"\" srcset=\"https:\/\/lima.wordcamp.org\/2013\/files\/2013\/10\/logotipo-01.jpg 374w, https:\/\/lima.wordcamp.org\/2013\/files\/2013\/10\/logotipo-01-300x155.jpg 300w\" sizes=\"auto, (max-width: 374px) 100vw, 374px\" \/>\t\t\t\t\t\t\t<\/a>\n\t\t\t\t\t\t<\/h3>\n\n\t\t\t\t\t\t<div class=\"entry-content sponsor-description\">\n\t\t\t\t\t\t\t<p>La imprenta de siempre, con los servicios digitales del ma\u00f1ana<\/p>\n\t\t\t\t\t\t<\/div>\n\t\t\t\t\t<\/div>\n\n\t\t\t\t\t\n\t\t\t\t\t<div id=\"post-12241\" class=\"sponsor post-12241 wcb_sponsor type-wcb_sponsor status-publish has-post-thumbnail hentry wcb_sponsor_level-patrocinador\" >\n\t\t\t\t\t\t<h3 class=\"entry-title sponsor-title\">\n\t\t\t\t\t\t\t<a href=\"https:\/\/lima.wordcamp.org\/2013\/sponsor\/gopymes\/\">\n\t\t\t\t\t\t\t\t<img loading=\"lazy\" decoding=\"async\" width=\"500\" height=\"198\" src=\"https:\/\/lima.wordcamp.org\/2013\/files\/2013\/10\/GoPymes-500x198.jpg\" class=\"attachment-post-thumbnail size-post-thumbnail wp-post-image\" alt=\"\" srcset=\"https:\/\/lima.wordcamp.org\/2013\/files\/2013\/10\/GoPymes-500x198.jpg 500w, https:\/\/lima.wordcamp.org\/2013\/files\/2013\/10\/GoPymes-300x120.jpg 300w\" sizes=\"auto, (max-width: 500px) 100vw, 500px\" \/>\t\t\t\t\t\t\t<\/a>\n\t\t\t\t\t\t<\/h3>\n\n\t\t\t\t\t\t<div class=\"entry-content sponsor-description\">\n\t\t\t\t\t\t\t<h3><a href=\"http:\/\/www.gopymes.pe\/\" title=\"GoPymes\" rel=\"nofollow\">GoPymes.pe<\/a><\/h3>\n<p>Empresa orientada a todo tipo de Soluciones Web para Empresas. S\u00e9 un emprendedor, abre nuevos caminos.<\/p>\n\t\t\t\t\t\t<\/div>\n\t\t\t\t\t<\/div>\n\n\t\t\t\t\t\n\t\t\t\t\t<div id=\"post-24393\" class=\"sponsor post-24393 wcb_sponsor type-wcb_sponsor status-publish has-post-thumbnail hentry wcb_sponsor_level-patrocinador\" >\n\t\t\t\t\t\t<h3 class=\"entry-title sponsor-title\">\n\t\t\t\t\t\t\t<a href=\"https:\/\/lima.wordcamp.org\/2013\/sponsor\/area-51-training-center\/\">\n\t\t\t\t\t\t\t\t<img loading=\"lazy\" decoding=\"async\" width=\"120\" height=\"120\" src=\"https:\/\/lima.wordcamp.org\/2013\/files\/2013\/10\/logo_color_120px.png\" class=\"attachment-post-thumbnail size-post-thumbnail wp-post-image\" alt=\"\" \/>\t\t\t\t\t\t\t<\/a>\n\t\t\t\t\t\t<\/h3>\n\n\t\t\t\t\t\t<div class=\"entry-content sponsor-description\">\n\t\t\t\t\t\t\t<h3><a href=\"http:\/\/www.area51.pe\/\" title=\"Login Store\" rel=\"nofollow\">\u00c1rea 51 | Training Center<\/a><\/h3>\n<p>Area51 Training Center, es un centro de entrenamiento OFICIAL de Adobe y Autodesk que re\u00fane a los principales profesionales e instructores del pa\u00eds para cambiar la forma de ense\u00f1anza y metodolog\u00eda en beneficio del alumno, entregando conocimiento de alto nivel y a la vanguardia de las nuevas tecnolog\u00edas.<\/p>\n\t\t\t\t\t\t<\/div>\n\t\t\t\t\t<\/div>\n\n\t\t\t\t\t\n\t\t\t\t<\/div>\n\t\t\t\t\t<\/div>\n\n\t\t\n<p style=\"clear:both\">&nbsp;<\/p>\n<div data-test='contact-form'\n\t\t\tid='contact-form-24393'\n\t\t\tclass='wp-block-jetpack-contact-form-container '\n\t\t\tdata-wp-interactive='jetpack\/form' data-wp-context='{\"formId\":\"24393\",\"formHash\":\"22eeabc2f8ebaf942d2f111b394b4df8bf10a384\",\"showErrors\":false,\"errors\":[],\"fields\":[],\"isMultiStep\":false,\"useAjax\":true,\"submissionData\":null,\"formattedSubmissionData\":[],\"submissionSuccess\":false,\"submissionError\":null,\"elementId\":\"jp-form-22eeabc2f8ebaf942d2f111b394b4df8bf10a384\",\"isSingleInputForm\":false}'\n\t\t\tdata-wp-watch--scroll-to-wrapper=\"callbacks.scrollToWrapper\"\n\t\t>\n<div class=\"contact-form-submission contact-form-ajax-submission\" data-wp-bind--aria-hidden=\"state.isSuccessMessageAriaHidden\" data-wp-class--submission-success=\"context.submissionSuccess\" id=\"contact-form-success-22eeabc2f8ebaf942d2f111b394b4df8bf10a384\" tabindex=\"-1\" aria-labelledby=\"contact-form-success-header-22eeabc2f8ebaf942d2f111b394b4df8bf10a384\"><p class=\"go-back-message\"><a class=\"link\" role=\"button\" tabindex=\"0\" data-wp-on--click=\"actions.goBack\" href=\"\/2013\/wp-json\/wp\/v2\/pages\/4\" rel=\"nofollow\">\u2190 Back<\/a><\/p><h4 data-wp-bind--aria-hidden=\"state.isSuccessMessageAriaHidden\" id=\"contact-form-success-header-22eeabc2f8ebaf942d2f111b394b4df8bf10a384\">Tu mensaje se ha enviado<\/h4>\n\n<template data-wp-each--submission=\"context.formattedSubmissionData\">\n\t\t\t\t\t<div class=\"jetpack_forms_contact-form-success-summary\">\n\t\t\t\t\t\t<div class=\"field-name\" data-wp-text=\"context.submission.label\" data-wp-bind--hidden=\"!context.submission.label\"><\/div>\n\t\t\t\t\t\t<div class=\"field-value\" data-wp-text=\"context.submission.value\" data-wp-bind--hidden=\"!context.submission.showPlainValue\"><\/div>\n\t\t\t\t\t\t<a class=\"field-url\" data-wp-bind--href=\"context.submission.url\" data-wp-text=\"context.submission.value\" data-wp-bind--hidden=\"!context.submission.url\" target=\"_blank\" rel=\"noopener noreferrer nofollow\"><\/a>\n\t\t\t\t\t\t<div class=\"field-rating\" data-wp-bind--hidden=\"!context.submission.rating\" data-wp-watch=\"callbacks.watchRatingIcons\"><\/div>\n\t\t\t\t\t\t<div class=\"field-images\" data-wp-bind--hidden=\"!context.submission.images\">\n\t\t\t\t\t\t\t<template data-wp-each--image=\"context.submission.images\">\n\t\t\t\t\t\t\t\t<div class=\"field-image-option\" data-wp-class--is-empty=\"!context.image.src\">\n\t\t\t\t\t\t\t\t\t<figure class=\"field-image-option__image\" data-wp-class--is-empty=\"!context.image.src\">\n\t\t\t\t\t\t\t\t\t\t<img data-wp-bind--src=\"context.image.src\" data-wp-bind--hidden=\"!context.image.src\" \/>\n\t\t\t\t\t\t\t\t\t\t<img decoding=\"async\" src=\"data:image\/gif;base64,R0lGODlhAQABAAD\/ACwAAAAAAQABAAACADs=\" data-wp-bind--hidden=\"context.image.src\" \/>\n\t\t\t\t\t\t\t\t\t<\/figure>\n\t\t\t\t\t\t\t\t\t<div class=\"field-image-option__label-wrapper\">\n\t\t\t\t\t\t\t\t\t\t<span class=\"field-image-option__label-code\" data-wp-text=\"context.image.letterCode\"><\/span>\n\t\t\t\t\t\t\t\t\t\t<span class=\"field-image-option__label\" data-wp-text=\"context.image.label\" data-wp-bind--hidden=\"!context.image.label\"><\/span>\n\t\t\t\t\t\t\t\t\t<\/div>\n\t\t\t\t\t\t\t\t<\/div>\n\t\t\t\t\t\t\t<\/template>\n\t\t\t\t\t\t<\/div>\n\t\t\t\t\t\t<div class=\"field-files\" data-wp-bind--hidden=\"!context.submission.files\">\n\t\t\t\t\t\t\t<template data-wp-each--file=\"context.submission.files\">\n\t\t\t\t\t\t\t\t<div class=\"field-file\">\n\t\t\t\t\t\t\t\t\t<div class=\"field-file__thumbnail\" data-wp-style--background-image=\"context.file.previewUrl\" data-wp-style--mask-image=\"context.file.iconUrl\" data-wp-bind--hidden=\"!context.file.hasPreview\"><\/div>\n\t\t\t\t\t\t\t\t\t<svg class=\"field-file__icon\" data-wp-bind--hidden=\"context.file.hasPreview\" width=\"20\" height=\"20\" viewBox=\"0 0 24 24\" fill=\"none\" xmlns=\"http:\/\/www.w3.org\/2000\/svg\" aria-hidden=\"true\">\n\t\t\t\t\t\t\t\t\t\t<path d=\"M14 2H6C4.9 2 4 2.9 4 4V20C4 21.1 4.89 22 5.99 22H18C19.1 22 20 21.1 20 20V8L14 2ZM18 20H6V4H13V9H18V20Z\" fill=\"currentColor\"\/>\n\t\t\t\t\t\t\t\t\t<\/svg>\n\t\t\t\t\t\t\t\t\t<span class=\"field-file__name\" data-wp-text=\"context.file.name\"><\/span>\n\t\t\t\t\t\t\t\t\t<span class=\"field-file__size\" data-wp-text=\"context.file.size\"><\/span>\n\t\t\t\t\t\t\t\t<\/div>\n\t\t\t\t\t\t\t<\/template>\n\t\t\t\t\t\t<\/div>\n\t\t\t\t\t<\/div>\n\t\t\t\t<\/template><\/div><form action='https:\/\/lima.wordcamp.org\/2013\/sponsor\/area-51-training-center\/'\n\t\t\t\tid='jp-form-22eeabc2f8ebaf942d2f111b394b4df8bf10a384'\n\t\t\t\tmethod='post'\n\t\t\t\tclass='contact-form commentsblock' aria-label=\"\u00c1rea 51 | Training Center\"\n\t\t\t\tdata-wp-on--submit=\"actions.onFormSubmit\"\n\t\t\t\tdata-wp-on--reset=\"actions.onFormReset\"\n\t\t\t\tdata-wp-class--submission-success=\"context.submissionSuccess\"\n\t\t\t\tdata-wp-class--is-first-step=\"state.isFirstStep\"\n\t\t\t\tdata-wp-class--is-last-step=\"state.isLastStep\"\n\t\t\t\tdata-wp-class--is-ajax-form=\"context.useAjax\"\n\t\t\t\tnovalidate >\n<input type='hidden' name='jetpack_contact_form_jwt' value='eyJ0eXAiOiJKV1QiLCJhbGciOiJIUzI1NiJ9.eyJlbmNyeXB0ZWRfYXR0cmlidXRlcyI6IlpQbm9rQnphMmdvYnY0UVpvb1VWTEZRT1A3dlMzYTFjOEZtZWNnb0hEZkE2MDZtN3dQSmZHVEloTnB2ZVRmWWxlb3VVdE13V0FCRTFSakUrNDNYRml3QmJBNHBYQm4xREZKcTdDRkxXaXQ3TWNIU3ZLSkNsWDlaa2dhK3BvMVI4SXhjOUZrRUVLRnBTWnU4NDdacHc1N3hzbld5RUs3WkhFYk9OeTJTK2JXcmJQRE0vVFpSMStOcGhmR3U5eUdNdGhiQWI5Q295RVJtQUtWUzJPaDdVd0ZySDNaWHR0UFcyRDNPM09WU1R3M0ZVbEJLYTZEcklCbklzUCtjNVM2QW83bGM5N3k5RG0rRjNmK0dzZm5uV2wrTm5aYjdadGZjTVFtWEhhRnRFVEIzRVladUE4RGpyRG43Y1Y0eDFKc2ZjUXhYR0xoRlNiaTBNdWFCYnN6Y1B4RDNIcVRWbGdTMmNQWmVFQ1c0cTgvRmN1WmNWQXQ1K1YzbDY2bldSSlRuOU1renhqNEZ0Wm5idUFIdWNqNVp4WW9GaTNBUFZsMi9rYkhYYmRqY2YwU0R3M1lkSC92REEvTm85UGIraGF2TTRadlcrenBoMHQwTFhES3ovSm5TdDBkYlFuVWNka000SGV0VzB3L2l5b2JhSVl4dDJOUDZ5YVpmUDhDL2V0aU9ubkRoTzl0aXZhM2JWeHl1cUtUSGM3S0Q1ZVdXM01QQ2pwSjQ4citBSmxod3NBejhaTHcydHI1bzh0VEJhNGQ0STdQVHdqMEtNdkk0Q0JVREtmdTJMa2JRcFBRVlFZUU9iTUFUeDdoRWpXRmtVRE5vQ3BpRUZNaW5vZWZFL3RMc1hCZTdicEFkM3psUENnMUZTV3kxZkhabWxrMnRZR2ROZ2xUVU9sTGNGcWdDRXRZV0xDYUVLd2xHQ2FBQlRqUTBoU2lsMEZnTTZtME56NUxSZE1FYnM1OTBleldjaTJnbVRuNXdjbWxSZzhSK1BZU2JXcWV1Wk1Pcmx5YzRrc2ZxU0ltdGdQUUVaZkNNSGZtNDM4dTk2ZlVWREVRSUs5UkdTa3lmdHNsSDY1Skd5NktUZ25wNVRPQ2F5YUtsbGNycnR5VkFRTVpzZzBuaUdWV0tLVFZvaWhvOEFlelhobVcvZEFyR0wwRVdIajZxWkpSK05KN2xzIiwiY29udGVudCI6Iltjb250YWN0LWZpZWxkIGxhYmVsPSdOb21icmUnIHR5cGU9J25hbWUnIHJlcXVpcmVkPScxJy9dW2NvbnRhY3QtZmllbGQgbGFiZWw9J0VtYWlsJyB0eXBlPSdlbWFpbCcgcmVxdWlyZWQ9JzEnL11bY29udGFjdC1maWVsZCBsYWJlbD0nTWVuc2FqZScgdHlwZT0ndGV4dGFyZWEnIHJlcXVpcmVkPScxJy9dIiwiaGFzaCI6IjIyZWVhYmMyZjhlYmFmOTQyZDJmMTExYjM5NGI0ZGY4YmYxMGEzODQiLCJzb3VyY2UiOnsiZW50cnlfdGl0bGUiOiJcdTAwYzFyZWEgNTEgfCBUcmFpbmluZyBDZW50ZXIiLCJlbnRyeV9wYWdlIjoxLCJzb3VyY2VfaWQiOjI0MzkzLCJzb3VyY2VfdHlwZSI6InNpbmdsZSIsInJlcXVlc3RfdXJsIjoiaHR0cHM6Ly9saW1hLndvcmRjYW1wLm9yZy8yMDEzL3dwLWpzb24vd3AvdjIvcGFnZXMvNCJ9LCJ2ZXJzaW9uIjoyLCJjaXBoZXIiOiJhZXMtMjU2LWdjbSJ9.E1SlnnjTkbalI8bn73_kNM6Tf0A0wdxi7t0htExHVfg' \/>\n\n<div style=\"\"  data-wp-interactive=\"jetpack\/form\" data-wp-context='{\"fieldId\":\"g24393-nombre\",\"fieldType\":\"name\",\"fieldLabel\":\"Nombre\",\"fieldValue\":\"\",\"fieldPlaceholder\":\"\",\"fieldIsRequired\":\"1\",\"fieldErrorMessage\":\"\",\"fieldExtra\":[],\"formHash\":\"22eeabc2f8ebaf942d2f111b394b4df8bf10a384\"}'  class='grunion-field-name-wrap grunion-field-wrap'  data-wp-init='callbacks.initializeField' data-wp-on--jetpack-form-reset='callbacks.initializeField' >\n<label\n\t\t\t\tfor='g24393-nombre' class=\"grunion-field-label name\" >Nombre<span class=\"grunion-label-required\" aria-hidden=\"true\">(obligatorio)<\/span><\/label>\n<input\n\t\t\t\t\ttype='text'\n\t\t\t\t\tname='g24393-nombre'\n\t\t\t\t\tid='g24393-nombre'\n\t\t\t\t\tvalue=''\n\n\t\t\t\t\tdata-wp-bind--aria-invalid='state.fieldAriaInvalid'\n\t\t\t\t\tdata-wp-bind--value='state.getFieldValue'\n\t\t\t\t\taria-describedby='g24393-nombre-text-error-message'\n\t\t\t\t\tdata-wp-on--input='actions.onFieldChange'\n\t\t\t\t\tdata-wp-on--blur='actions.onFieldBlur'\n\t\t\t\t\tdata-wp-class--has-value='state.hasFieldValue'\n\n\t\t\t\t\tclass='name  grunion-field' \n\t\t\t\t\trequired='true' aria-required='true'  \/>\n \n\t\t\t<div id=\"g24393-nombre-text-error\" class=\"contact-form__input-error\" data-wp-class--has-errors=\"state.fieldHasErrors\">\n\t\t\t\t<span class=\"contact-form__warning-icon\" aria-hidden=\"true\">\n\t\t\t\t\t<svg width=\"16\" height=\"16\" viewBox=\"0 0 16 16\" fill=\"none\" xmlns=\"http:\/\/www.w3.org\/2000\/svg\">\n\t\t\t\t\t\t<path d=\"M8.50015 11.6402H7.50015V10.6402H8.50015V11.6402Z\" \/>\n\t\t\t\t\t\t<path d=\"M7.50015 9.64018H8.50015V6.30684H7.50015V9.64018Z\" \/>\n\t\t\t\t\t\t<path fill-rule=\"evenodd\" clip-rule=\"evenodd\" d=\"M6.98331 3.0947C7.42933 2.30177 8.57096 2.30177 9.01698 3.09469L13.8771 11.7349C14.3145 12.5126 13.7525 13.4735 12.8602 13.4735H3.14004C2.24774 13.4735 1.68575 12.5126 2.12321 11.7349L6.98331 3.0947ZM8.14541 3.58496C8.08169 3.47168 7.9186 3.47168 7.85488 3.58496L2.99478 12.2251C2.93229 12.3362 3.01257 12.4735 3.14004 12.4735H12.8602C12.9877 12.4735 13.068 12.3362 13.0055 12.2251L8.14541 3.58496Z\" \/>\n\t\t\t\t\t<\/svg>\n\t\t\t\t<\/span>\n\t\t\t\t<span data-wp-text=\"state.errorMessage\" id=\"g24393-nombre-text-error-message\"><\/span>\n\t\t\t<\/div> \n\t<\/div>\n\n<div style=\"\"  data-wp-interactive=\"jetpack\/form\" data-wp-context='{\"fieldId\":\"g24393-email\",\"fieldType\":\"email\",\"fieldLabel\":\"Email\",\"fieldValue\":\"\",\"fieldPlaceholder\":\"\",\"fieldIsRequired\":\"1\",\"fieldErrorMessage\":\"\",\"fieldExtra\":[],\"formHash\":\"22eeabc2f8ebaf942d2f111b394b4df8bf10a384\"}'  class='grunion-field-email-wrap grunion-field-wrap'  data-wp-init='callbacks.initializeField' data-wp-on--jetpack-form-reset='callbacks.initializeField' >\n<label\n\t\t\t\tfor='g24393-email' class=\"grunion-field-label email\" >Email<span class=\"grunion-label-required\" aria-hidden=\"true\">(obligatorio)<\/span><\/label>\n<input\n\t\t\t\t\ttype='email'\n\t\t\t\t\tname='g24393-email'\n\t\t\t\t\tid='g24393-email'\n\t\t\t\t\tvalue=''\n\n\t\t\t\t\tdata-wp-bind--aria-invalid='state.fieldAriaInvalid'\n\t\t\t\t\tdata-wp-bind--value='state.getFieldValue'\n\t\t\t\t\taria-describedby='g24393-email-email-error-message'\n\t\t\t\t\tdata-wp-on--input='actions.onFieldChange'\n\t\t\t\t\tdata-wp-on--blur='actions.onFieldBlur'\n\t\t\t\t\tdata-wp-class--has-value='state.hasFieldValue'\n\n\t\t\t\t\tclass='email  grunion-field' \n\t\t\t\t\trequired='true' aria-required='true'  \/>\n \n\t\t\t<div id=\"g24393-email-email-error\" class=\"contact-form__input-error\" data-wp-class--has-errors=\"state.fieldHasErrors\">\n\t\t\t\t<span class=\"contact-form__warning-icon\" aria-hidden=\"true\">\n\t\t\t\t\t<svg width=\"16\" height=\"16\" viewBox=\"0 0 16 16\" fill=\"none\" xmlns=\"http:\/\/www.w3.org\/2000\/svg\">\n\t\t\t\t\t\t<path d=\"M8.50015 11.6402H7.50015V10.6402H8.50015V11.6402Z\" \/>\n\t\t\t\t\t\t<path d=\"M7.50015 9.64018H8.50015V6.30684H7.50015V9.64018Z\" \/>\n\t\t\t\t\t\t<path fill-rule=\"evenodd\" clip-rule=\"evenodd\" d=\"M6.98331 3.0947C7.42933 2.30177 8.57096 2.30177 9.01698 3.09469L13.8771 11.7349C14.3145 12.5126 13.7525 13.4735 12.8602 13.4735H3.14004C2.24774 13.4735 1.68575 12.5126 2.12321 11.7349L6.98331 3.0947ZM8.14541 3.58496C8.08169 3.47168 7.9186 3.47168 7.85488 3.58496L2.99478 12.2251C2.93229 12.3362 3.01257 12.4735 3.14004 12.4735H12.8602C12.9877 12.4735 13.068 12.3362 13.0055 12.2251L8.14541 3.58496Z\" \/>\n\t\t\t\t\t<\/svg>\n\t\t\t\t<\/span>\n\t\t\t\t<span data-wp-text=\"state.errorMessage\" id=\"g24393-email-email-error-message\"><\/span>\n\t\t\t<\/div> \n\t<\/div>\n\n<div style=\"\"  data-wp-interactive=\"jetpack\/form\" data-wp-context='{\"fieldId\":\"g24393-mensaje\",\"fieldType\":\"textarea\",\"fieldLabel\":\"Mensaje\",\"fieldValue\":\"\",\"fieldPlaceholder\":\"\",\"fieldIsRequired\":\"1\",\"fieldErrorMessage\":\"\",\"fieldExtra\":[],\"formHash\":\"22eeabc2f8ebaf942d2f111b394b4df8bf10a384\"}'  class='grunion-field-textarea-wrap grunion-field-wrap'  data-wp-init='callbacks.initializeField' data-wp-on--jetpack-form-reset='callbacks.initializeField' >\n<label\n\t\t\t\tfor='contact-form-comment-g24393-mensaje' class=\"grunion-field-label textarea\" >Mensaje<span class=\"grunion-label-required\" aria-hidden=\"true\">(obligatorio)<\/span><\/label>\n<textarea\n\t\t                style=''\n\t\t                name='g24393-mensaje'\n\t\t                id='contact-form-comment-g24393-mensaje'\n\t\t                rows='20'\n\t\t\t\t\t\tdata-wp-text='state.getFieldValue'\n\t\t\t\t\t\tdata-wp-on--input='actions.onFieldChange'\n\t\t\t\t\t\tdata-wp-on--blur='actions.onFieldBlur'\n\t\t\t\t\t\tdata-wp-class--has-value='state.hasFieldValue'\n\t\t\t\t\t\taria-describedby='g24393-mensaje-textarea-error-message'\n\t\t\t\t\t\tdata-wp-bind--aria-invalid='state.fieldAriaInvalid'\n\t\t\t\t\t\tclass='textarea  grunion-field'  required aria-required='true'><\/textarea>\n \n\t\t\t<div id=\"g24393-mensaje-textarea-error\" class=\"contact-form__input-error\" data-wp-class--has-errors=\"state.fieldHasErrors\">\n\t\t\t\t<span class=\"contact-form__warning-icon\" aria-hidden=\"true\">\n\t\t\t\t\t<svg width=\"16\" height=\"16\" viewBox=\"0 0 16 16\" fill=\"none\" xmlns=\"http:\/\/www.w3.org\/2000\/svg\">\n\t\t\t\t\t\t<path d=\"M8.50015 11.6402H7.50015V10.6402H8.50015V11.6402Z\" \/>\n\t\t\t\t\t\t<path d=\"M7.50015 9.64018H8.50015V6.30684H7.50015V9.64018Z\" \/>\n\t\t\t\t\t\t<path fill-rule=\"evenodd\" clip-rule=\"evenodd\" d=\"M6.98331 3.0947C7.42933 2.30177 8.57096 2.30177 9.01698 3.09469L13.8771 11.7349C14.3145 12.5126 13.7525 13.4735 12.8602 13.4735H3.14004C2.24774 13.4735 1.68575 12.5126 2.12321 11.7349L6.98331 3.0947ZM8.14541 3.58496C8.08169 3.47168 7.9186 3.47168 7.85488 3.58496L2.99478 12.2251C2.93229 12.3362 3.01257 12.4735 3.14004 12.4735H12.8602C12.9877 12.4735 13.068 12.3362 13.0055 12.2251L8.14541 3.58496Z\" \/>\n\t\t\t\t\t<\/svg>\n\t\t\t\t<\/span>\n\t\t\t\t<span data-wp-text=\"state.errorMessage\" id=\"g24393-mensaje-textarea-error-message\"><\/span>\n\t\t\t<\/div>\n\t<\/div>\n\t<p class='contact-submit'>\n<div class=\"contact-form__error\" data-wp-class--show-errors=\"state.showFormErrors\"><span class=\"contact-form__warning-icon\" aria-hidden=\"true\"><i><\/i><\/span><span class=\"contact-form__error-message\" tabindex=\"-1\" data-wp-watch=\"callbacks.focusOnValidationError\" data-wp-text=\"state.getFormErrorMessage\"><\/span><ul aria-label=\"Form errors\">\n\t\t\t\t<template data-wp-each=\"state.getErrorList\" data-wp-key=\"context.item.id\">\n\t\t\t\t\t<li><a data-wp-bind--href=\"context.item.anchor\" data-wp-on--click=\"actions.scrollIntoView\" data-wp-text=\"context.item.label\" rel=\"nofollow\"><\/a><\/li>\n\t\t\t\t<\/template>\n\t\t\t\t<\/ul><\/div><div class=\"contact-form__error\" data-wp-class--show-errors=\"state.showSubmissionError\" data-wp-text=\"context.submissionError\" tabindex=\"-1\" data-wp-watch=\"callbacks.focusOnSubmissionError\"><\/div>\t\t<button type='submit' class='pushbutton-wide'>Enviar<\/button>\t\t<input type='hidden' name='contact-form-id' value='24393' \/>\n\t\t<input type='hidden' name='action' value='grunion-contact-form' \/>\n\t\t<input type='hidden' name='contact-form-hash' value='22eeabc2f8ebaf942d2f111b394b4df8bf10a384' \/>\n\t<\/p>\n<p style=\"display: none !important;\" class=\"akismet-fields-container\" data-prefix=\"ak_\"><label>&#916;<textarea name=\"ak_hp_textarea\" cols=\"45\" rows=\"8\" maxlength=\"100\"><\/textarea><\/label><input type=\"hidden\" id=\"ak_js_1\" name=\"ak_js\" value=\"30\"\/><script type=\"text\/javascript\">\n\/* <![CDATA[ *\/\ndocument.getElementById( \"ak_js_1\" ).setAttribute( \"value\", ( new Date() ).getTime() );\n\/* ]]> *\/\n<\/script>\n<\/p><\/form>\n<\/div>\n","protected":false},"excerpt":{"rendered":"<p>Si deseas participar como auspiciador contactate con nosotros a comunidad@wpperu.org o directamente desde el formulario al final de esta p\u00e1gina. &nbsp;<\/p>\n","protected":false},"author":5305144,"featured_media":0,"parent":0,"menu_order":0,"comment_status":"open","ping_status":"closed","template":"","meta":{"jetpack_post_was_ever_published":false,"footnotes":""},"class_list":["post-4","page","type-page","status-publish","hentry"],"jetpack_shortlink":"https:\/\/wp.me\/P409HF-4","jetpack_sharing_enabled":true,"_links":{"self":[{"href":"https:\/\/lima.wordcamp.org\/2013\/wp-json\/wp\/v2\/pages\/4","targetHints":{"allow":["GET"]}}],"collection":[{"href":"https:\/\/lima.wordcamp.org\/2013\/wp-json\/wp\/v2\/pages"}],"about":[{"href":"https:\/\/lima.wordcamp.org\/2013\/wp-json\/wp\/v2\/types\/page"}],"author":[{"embeddable":true,"href":"https:\/\/lima.wordcamp.org\/2013\/wp-json\/wp\/v2\/users\/5305144"}],"replies":[{"embeddable":true,"href":"https:\/\/lima.wordcamp.org\/2013\/wp-json\/wp\/v2\/comments?post=4"}],"version-history":[{"count":5,"href":"https:\/\/lima.wordcamp.org\/2013\/wp-json\/wp\/v2\/pages\/4\/revisions"}],"predecessor-version":[{"id":12246,"href":"https:\/\/lima.wordcamp.org\/2013\/wp-json\/wp\/v2\/pages\/4\/revisions\/12246"}],"wp:attachment":[{"href":"https:\/\/lima.wordcamp.org\/2013\/wp-json\/wp\/v2\/media?parent=4"}],"curies":[{"name":"wp","href":"https:\/\/api.w.org\/{rel}","templated":true}]}}